{"id":2,"date":"2022-04-15T09:29:38","date_gmt":"2022-04-15T07:29:38","guid":{"rendered":"http:\/\/helium10-deutsch.de\/?page_id=2"},"modified":"2023-06-20T16:42:23","modified_gmt":"2023-06-20T14:42:23","slug":"helium10","status":"publish","type":"page","link":"https:\/\/helium10-deutsch.de\/helium10\/","title":{"rendered":"Helium10 Deutsch"},"content":{"rendered":"\n<h1 class=\"wp-block-heading\">Wie du mit dem Helium10 Rabattcode so richtig auf Amazon durchstarten kannst<\/h1>\n\n\n\n<p>Amazon ist ein Dschungel. Und ich bin dein Guide. So musst du dich nicht einsam durch das Dickicht an M\u00f6glichkeiten und Gefahren k\u00e4mpfen, sondern kannst mit meiner Hilfe so richtig durchstarten und ein erfolgreicher Seller auf Amazon werden. Heute m\u00f6chte ich dir ein Tool vorstellen, mit dem du deine Aufgaben auf Amazon automatisieren und verbessern kannst und mit dem Helium10 Rabattcode kannst du auch noch richtig satt sparen.<\/p>\n\n\n\n<p>\u2705 Zum besten Amazon Tool \u25baHelium10 Code <a rel=\"noreferrer noopener\" href=\"https:\/\/www.youtube.com\/redirect?event=video_description&amp;redir_token=QUFFLUhqbDByNmV5a1pLMzFaQnJEMGFKeFJIRmJqdHFyd3xBQ3Jtc0tsTWJSbFdCR3JhZzRhTm5JckRCcHhCQ2ZBaGhCMW9FQmZReTZqcWtUSk1Wc1Nua1Y5b2xlUmxyREdBNko3SG1jaXZQcE96NEVOd1Z5Q0hNM1pJWVJmZGtWT3kzR0JWal9WV0xXM0haTDZpNjROVUxSWQ&amp;q=https%3A%2F%2Fbit.ly%2FHelium10-Rabatt-Code\" target=\"_blank\">https:\/\/bit.ly\/Helium10-Rabatt-Code<\/a> 50% Rabatt mit dem Rabattcode:\u25ba \u25ba \u25ba Butrus50 10% Rabatt mit dem Rabattcode:\u25ba \u25ba \u25ba Butrus10<\/p>\n\n\n\n<h2 class=\"wp-block-heading\">Was ist Helium10 \u00fcberhaupt?<\/h2>\n\n\n\n<p>Helium10 ist wohl das erfolgreichste Amazon Tool auf dem Markt. Mit der All-in-one Software k\u00f6nnen alle mit Amazon verbundenen Prozesse abgebildet werden, von korrektem Pricing f\u00fcr beste Ums\u00e4tze, \u00fcber Analyse der idealen Produkte, bis hin zum umfangreichen Marketing f\u00fcr dein bestes Ranking. Helium10 schaut die immer \u00fcber die Schulter und hilft dir das Beste aus deinem Gesch\u00e4ft und deinen Ums\u00e4tzen rauszuholen.<\/p>\n\n\n\n<h2 class=\"wp-block-heading\">Und wof\u00fcr verwende ich Helium10?<\/h2>\n\n\n\n<p>Von Anfang bis Ende ist Helium10 dein Amazon Begleiter. \u00dcber 30 Werkzeuge stehen dir hier zu Verf\u00fcgung \u2013 einige davon sind sogar kostenlos nutzbar. Mit dem Helium10 Rabattcode kommst du aber in den Genuss der vollen Produktpalette und sparst dabei noch Geld, w\u00e4hrend du deinen Umsatz erh\u00f6hst.<\/p>\n\n\n\n<p>Von Marketing- und SEO-Tools, \u00fcber Produktrecherche und Listing-Optimierung bis hin zur Preis\u00fcberwachung und automatischen Alarmen, wenn etwa dein Lagerbestand niedrig wird, oder sich jemand an deine Produkte geh\u00e4ngt hat kannst du f\u00fcr alle deine Amazon-Herausforderungen von Helium10 profitieren.<\/p>\n\n\n\n<h2 class=\"wp-block-heading\">Was kann Helium10 jetzt genau und brauche ich das wirklich?<\/h2>\n\n\n\n<p>Du kannst dich nat\u00fcrlich ganz allein durch Amazons Dschungel schlagen, aber glaube mir eines, bis du am Ziel bist, kannst du viel Zeit und Geld verschwenden. Daher ist die Frage gar nicht so sehr, ob du Helium10 brauchst, sondern ob du dir von Anfang an ein gewinnbringendes Gesch\u00e4ft mit Amazon aufbauen m\u00f6chtest. Dann ist die Antwort ganz klar, ja. Nutze Helium10 und werde von Anfang an ein Durchstarter. Und der Helium10 Rabattcode hilft dir dabei, nahezu risikolos zu starten.<\/p>\n\n\n\n<p>Sehen wir uns einmal an, was Helium 10 f\u00fcr dich tun kann:<\/p>\n\n\n\n<h2 class=\"wp-block-heading\">Product Research \u2013 die Recherche zum perfekten Produkt<\/h2>\n\n\n\n<p>F\u00fcr die Produktrecherche auf Amazon stehen dir unterschiedliche Tools zur Verf\u00fcgung.<\/p>\n\n\n\n<h3 class=\"wp-block-heading\">X-Ray \u2013 die kostenlose Chrome-Extension<\/h3>\n\n\n\n<p>Sieh dir f\u00fcr eine Produkt Recherche mit X-Ray genau an, wie Produkte ranken, welche Ums\u00e4tze und Abs\u00e4tze erzielt werden. Mittels Keywords f\u00fcr ein bestimmtes Produkt kannst du dir dann ganz komfortabel eine tabellarische Liste mit allen Daten anzeigen lassen. Als kleines Benefit kannst du dir mit dem Review-Downloader die Bewertungen der Produkte ansehen und schon eine grobe Produktkalkulation vornehmen kannst. So kannst du gleich checken, ob dein Produkt auch rentabel verkauft werden kann.<\/p>\n\n\n\n<h3 class=\"wp-block-heading\">Black Box \u2013 die next Generation Produktrecherche<\/h3>\n\n\n\n<p>Mit der Helium10 Black Box bringst du deine Produktrecherche auf ein ganz neues Niveau. Finde die perfekte Nische \u2013 denn mit der richtigen Nische steht und f\u00e4llt dein Erfolg. Sei am Puls der Zeit und lass dir ohne gro\u00dfen Aufwand in der Black Box deinen neuen Bestseller auf dem Silbertablett pr\u00e4sentieren. Mit den vielf\u00e4ltigen Filterm\u00f6glichkeiten vergeudest du keine Zeit mehr und kannst Produkte nach unz\u00e4hligen Kriterien ausw\u00e4hlen und f\u00fcr dich analysieren lassen.<\/p>\n\n\n\n<h3 class=\"wp-block-heading\">Trendster- denn Gewinnoptimierung hat immer Saison<\/h3>\n\n\n\n<p>Mit diesem Tool st\u00f6berst du Trends auf. Aktuelle Trends oder saisonale Produkte \u2013 alles gar kein Problem. So kannst du schnell reagieren und mit dem perfekten Produkt zur richtigen Zeit am Markt erscheinen.&nbsp;<\/p>\n\n\n\n<h2 class=\"wp-block-heading\">Keywords sind das A und O auf Amazon \u2013 finde mit Helium10 die Keywords deiner Kunden<\/h2>\n\n\n\n<p>Auch im Bereich der Keyword Recherche bietet Helium10 die passenden Tools f\u00fcr dich und deinen Erfolg.<\/p>\n\n\n\n<h3 class=\"wp-block-heading\">Celebro \u2013 arbeite mit den Daten der anderen<\/h3>\n\n\n\n<p>Hier kannst du dir gleich die passenden Keywords der Konkurrenz filtern und ausgeben lassen. Du siehst auf den ersten Blick, welche Keywords wie erfolgreich sind und mit dem Celebro-IQ-Score kannst du dir berechnen lassen, welches Potenzial hinter den einzelnen Keywords steckt.<\/p>\n\n\n\n<p>So erleichterst du dir die Arbeit mit den anderen Tools ungemein und musst nicht selbst auf Recherereise gehen.<\/p>\n\n\n\n<h3 class=\"wp-block-heading\">Magnet \u2013 finde, was deine Kunden suchen<\/h3>\n\n\n\n<p>Dass Keywords, vor allem die richtigen Keywords entscheidend f\u00fcr deinen Erfolg auf Amazon sind, ist nun wirklich kein Geheimnis mehr. Mit Magnet kannst du Keyword Recherche betreiben, wie ein Profi. Gib dein Keyword ein und erhalte eine Liste mit allen dazu relevanten weiteren Keywords.&nbsp; Das erweitert dein Spektrum und das Suchvolumen ungemein und du erreichst noch mehr Kunden. Zudem kannst du die Keywords auch verwenden, um passende Titel zu erstellen.<\/p>\n\n\n\n<h3 class=\"wp-block-heading\">Misspellinator \u2013 falsch war noch nie so richtig<\/h3>\n\n\n\n<p>Kaum etwas ist kurioser als die Art und Weise, wie Kunden Produkte auf Amazon suchen. Da ist es von Vorteil, wenn du wie wei\u00dft, wie deine Kunden die Keywords falsch schreiben. Mit Misspellinator findest du die am h\u00e4ufigsten falsch geschriebenen Keywords und wenn du diese in deine Listings einbaust und f\u00fcr deine PPC Kampagnen verwendest, erreichst du noch mehr potenzielle Kunden. Konzentriere dich dabei aber nur auf Keywords, die auch h\u00e4ufig falsch geschrieben werden, da nur diese das Suchvolumen erh\u00f6hen.<\/p>\n\n\n\n<h2 class=\"wp-block-heading\">Listings optimieren \u2013 wie ein gut optimiertes Produkt deinen Erfolg noch mehr steigert<\/h2>\n\n\n\n<p>Ein ausgezeichnetes Listing auf Amazon ist beinahe schon ein Erfolgsgarant. Spare mit dem Helium10 Rabattcode und bringe deine Listings mit den professionellen Tools auf ein neues Verkaufslevel.<\/p>\n\n\n\n<h3 class=\"wp-block-heading\">Frankenstein \u2013 das Monster zum Keywords filtern&nbsp;<\/h3>\n\n\n\n<p>Du hast ja nun mit den Keyword Tools von Helium10 eine Vielzahl an Keywords f\u00fcr dein Produkt generiert. Da kann deine Liste schonmal gut und gerne tausende W\u00f6rtern umfassen. Die brauchst du nat\u00fcrlich nicht alle und da kommt Frankenstein ins Spiel. Filtere mit diesem raffinierten Werkzeug deine relevantesten Keywords in Windeseile und lasse dir deine Liste auf die wichtigsten Keywords reduzieren. Schon hast du alles, was du brauchst, um dein Listing zu optimieren.<\/p>\n\n\n\n<h3 class=\"wp-block-heading\">Scribbles \u2013 lasse dir dein bestes Listing einfach erstellen<\/h3>\n\n\n\n<p>Importiere deine zuvor erstellte Keyword Liste und lasse den Zauber beginnen. In Scribbles findest du vorgefertigte Bereiche f\u00fcr deinen Titel, deine Bulletpoints, die Beschreibung und Backend-Keywords. Hier kannst du deine Keywords einfach einf\u00fcgen und Scribbles achtet automatisch darauf, dass du die vorgegebene zeichenl\u00e4nge einh\u00e4ltst und die Keyword-Anzahl nicht \u00fcberschreitest. Dann kannst du dir die gew\u00e4hlten Keywords nochmal nach Relevanz sortieren lassen und voil\u00e0, du hast das beste aus deinem Productlisting herausgeholt.<\/p>\n\n\n\n<h3 class=\"wp-block-heading\">Der Index-Checker \u2013 nur ein ausgespieltes Keyword ist ein gutes Keyword<\/h3>\n\n\n\n<p>Wenn ein Keyword bei Amazon nicht indexiert wird, wird dein Produkt nicht ausgespielt. Das hei\u00dft im Klartext, es ist f\u00fcr deine Kunden nicht sichtbar. Mit dem Index Checker von Helium10 kannst du innerhalb weniger Minuten deine Keywords und Listings pr\u00fcfen, ohne lange manuell danach zu suchen. Einfacher geht es kaum. Dazu ben\u00f6tigst du nur die entsprechende ASIN deines Produkts und deine Keywordliste. \u00dcbrigens kannst du damit auch Produkte der Konkurrenz pr\u00fcfen, ob diese mit deinen Keywords indexiert sind.<\/p>\n\n\n\n<h3 class=\"wp-block-heading\">Listing-Analyzer, Audience und Listing Builder \u2013 drei starke neue Tools f\u00fcr deinen Erfolg<\/h3>\n\n\n\n<p>Neu in der Werkzeugkiste sind drei performancestarke Tools zur Kontrolle deiner Listings. Mit dem Analyzer kannst du mittels ASIN kanns du schnell und unkompliziert deine oder die Produkte der Konkurrenz auf Herz und Nieren pr\u00fcfen. Mit dem Listing Quality-Score erh\u00e4lts du sofort Einblicke in die Performance deiner Artikel und siehst auf einen Blick, was du noch verbessern kannst. Du kannst auch deine Nische analysieren und dir aus einer Auswahl von bis zu 10 ASINS die St\u00e4rken einer Nische anzeigen lassen.&nbsp;<\/p>\n\n\n\n<p>\u00c4hnlich wertvolle Einblicke erh\u00e4ltst du mit dem Listing Builder. Mit deiner Keywordliste kannst du dir das aktuelle Suchvolumen, die Anzahl verwandter Produkte und die CPR anzeigen lassen. Genauso kannst du dir mit dem Listing Builder nat\u00fcrlich auch die Keywordstrategien der Konkurrenz anzeigen lassen und dadurch dein Angebot noch mehr verbessern. So kannst du deine Eintr\u00e4ge noch besser verwalten, aktualisieren und deine Listings auf Seite eins bringen.<\/p>\n\n\n\n<p>Mit Audience, dem Amazon Split Test kannst du dir schnell und umfassend Feedback von K\u00e4ufern holen. Der Pool aus \u00fcber 10.000 Benutzern (in den USA) bewertet dein Produkt und gibt Feedback zur Qualit\u00e4t des Listings. Verfeinere dadurch dein Angebot passend zu deinen Zielgruppen.<\/p>\n\n\n\n<h2 class=\"wp-block-heading\">Pr\u00fcfe und analysiere deine Listings mit den Operations Tools<\/h2>\n\n\n\n<p>Laufende Listings sind eine sch\u00f6ne Sache. Sie bed\u00fcrfen aber einer kontinuierlichen Kontrolle, damit das Produkt auch weiterhin gut l\u00e4uft. Auslaufende Best\u00e4nde oder Hijacker k\u00f6nnen das Aus f\u00fcr einen Bestseller bedeuten. Und auch hierf\u00fcr hat helium10ein paar mehr als effektive Tricks auf Lager.<\/p>\n\n\n\n<h3 class=\"wp-block-heading\">Inventory Management \u2013 Bestandsverwaltung einfach gemacht<\/h3>\n\n\n\n<p>Mit der Bestandsverwaltung von Helium10 hast du dein Warenlager immer im Blick. Erledige Bestellungen von Lieferanten bis hin zum Versand an Amazon alles an einem Ort. Mit der Bestands Prognose kannst du dich erinnern lassen, wann du wieder bestellen bzw. an Amazon nachliefern musst, wenn dein Bestand zur Neige geht.&nbsp;<\/p>\n\n\n\n<h3 class=\"wp-block-heading\">Refund Genie \u2013 spare dir Nerven und Zeit bei R\u00fcckerstattungen<\/h3>\n\n\n\n<p>Was tun, wenn ein Artikel bei Amazon verloren oder kaputt geht? Normalerweise sollte Amazon dich in solchen F\u00e4llen automatisch informieren und den Betrag erstatten. Da das aber nicht immer zuverl\u00e4ssig funktioniert, beh\u00e4lt Refund Genie deinen Lagerbestand im Auge und gleicht kontinuierlich ab. Das Tool erkennt sofort, wenn ein Artikel verschwindet und benachrichtigt dich. So kannst du schnell und unkompliziert die Erstattung \u00fcber Amazon anfordern.<\/p>\n\n\n\n<h3 class=\"wp-block-heading\">Alerts \u2013 schl\u00e4gt Alarm, wenn etwas nicht rund l\u00e4uft<\/h3>\n\n\n\n<p>Du hast schon ein recht umfangreiches Sortiment und sorgst dich, dass sich chinesische H\u00e4ndler an dein Produkt \u201eh\u00e4ngen\u201c und dich mit Billigpreisen vom Bestseller-Thron sto\u00dfen? Mit Alerts erh\u00e4ltst du automatisch Nachrichten, sobald sich ein Hijacker an dein Listing h\u00e4ngt und es bedroht. Denn die Buybox zu verlieren ist keine Option. Du kannst dann umgehend reagieren und den entsprechenden H\u00e4ndler und Amazon kontaktieren. Gehe dabei extrem seri\u00f6s vor, um die bestm\u00f6gliche Wirkung zu erzielen, so dass der Hijacker dein Listing wieder verl\u00e4sst.<\/p>\n\n\n\n<h3 class=\"wp-block-heading\">Der Inventory Protector \u2013 sch\u00fctze deinen Lagerbestand<\/h3>\n\n\n\n<p>Lege die maximale Menge f\u00fcr den Verkauf eines Produkts fest. Wenn du z.B. w\u00e4hrend einer Rabattaktion verhindern m\u00f6chtest, dass dein Bestand \u00fcberverkauft wird und du keine Ware mehr hast, kannst du mit dem Inventory Protector die maximal bestellbare Menge pro Kunden festlegen.&nbsp;<\/p>\n\n\n\n<h3 class=\"wp-block-heading\">Mit der App immer up to date<\/h3>\n\n\n\n<p>Mit der neuen Helium10 App hast du deine Daten immer dabei und kannst schnell reagieren, sollte doch mal etwas sein. In der App findest du die wichtigsten Daten aus deinem Helium10 Dashboard, so hast du jederzeit alles im Blick. \u2705 Zum besten Amazon Tool \u25baHelium10 Code <a rel=\"noreferrer noopener\" href=\"https:\/\/www.youtube.com\/redirect?event=video_description&amp;redir_token=QUFFLUhqbDByNmV5a1pLMzFaQnJEMGFKeFJIRmJqdHFyd3xBQ3Jtc0tsTWJSbFdCR3JhZzRhTm5JckRCcHhCQ2ZBaGhCMW9FQmZReTZqcWtUSk1Wc1Nua1Y5b2xlUmxyREdBNko3SG1jaXZQcE96NEVOd1Z5Q0hNM1pJWVJmZGtWT3kzR0JWal9WV0xXM0haTDZpNjROVUxSWQ&amp;q=https%3A%2F%2Fbit.ly%2FHelium10-Rabatt-Code\" target=\"_blank\">https:\/\/bit.ly\/Helium10-Rabatt-Code<\/a> 50% Rabatt mit dem Rabattcode:\u25ba \u25ba \u25ba Butrus50 10% Rabatt mit dem Rabattcode:\u25ba \u25ba \u25ba Butrus10<\/p>\n\n\n\n<h3 class=\"wp-block-heading\">Seller Assistant \u2013 die Amazon Feedback Software<\/h3>\n\n\n\n<p>Fordere per Knopfdruck Bewertungen deiner Kunden an. Mit dem neuen Tool von Helium10 ist das gar kein Problem mehr mit nur einem Knopfdruck mehrere Kunden zur Bewertung f\u00fcr dein Produkt aufzufordern. Und das Beste ist, der Seller Assistant ist absolut TOS konform und sendet die Bewertungsanfragen in den vorgenerierten Amazon Vorlagen.<\/p>\n\n\n\n<h2 class=\"wp-block-heading\">Analytics \u2013 mit der Helium10 Analyse Software immer alles im Blick<\/h2>\n\n\n\n<p>Was gibt es beruhigenderes, als wenn man seine zahlen immer im Griff hat? Mit Helium10 Analytics ist das gar kein Problem. Auch hier h\u00e4lt die Wunderkiste wieder ein paar griffige Tools bereit.<\/p>\n\n\n\n<h3 class=\"wp-block-heading\">Profits \u2013 die Ums\u00e4tze im Auge behalten<\/h3>\n\n\n\n<p>Mit Helium10 Profits hast du alle relevanten zahlen im Blick. Den Umsatz und Gewinn, genauso wie Verkaufstrends deiner Produkte und die Leistungsmatrix mit den wichtigsten zahlen aus einem festgelegten Zeitraum. So macht Vorausplanung Spa\u00df und Sinn.<\/p>\n\n\n\n<h3 class=\"wp-block-heading\">Market Tracker -das Marktforschungstool<\/h3>\n\n\n\n<p>Beobachte den Markt und er wird dir geh\u00f6ren. Mit dem Helium10 Market Tracker hast du die Entwicklung des Marktes in deiner Nische (oder jeder anderen beliebigen Nische) im Blick und kannst den Trends immer einen Schritt voraus sein.<\/p>\n\n\n\n<h3 class=\"wp-block-heading\">Keyword Tracker \u2013 in Echtzeit wissen wo du stehst<\/h3>\n\n\n\n<p>Verfolge deine Keywords zu jeder zeit und sieh in Echtzeit, wie sich deine Keywords entwickeln. Mit der Rocket-Boost Funktion kannst du 10 Tage lang st\u00fcndlich verfolgen, wie sich dein Keyword positioniert und entwickelt. Ein absolut Wertvolles Werkzeug f\u00fcr dein Amazon SEO.<\/p>\n\n\n\n<h2 class=\"wp-block-heading\">Amazon Marketing \u2013 lege noch mehr Power in deine Werbung<\/h2>\n\n\n\n<p>Mit Adtomic zum PPC Profi. F\u00fcr deine PPC Kampagnen brauchst du fundierte Daten, damit du nicht unn\u00f6tig Geld verbrennst. Mit der Automatisierung deiner PPC Kampagnen sparst du dir viel Zeit und \u00c4rger, dank der intelligenten Suche f\u00fcr Keywords und der kinderleichten Verwaltung der Kampagnen.<\/p>\n\n\n\n<p>Und mit dem Landing Page Builder von helium10 erstellst du ganz einfach attraktive Landingpages f\u00fcr die perfekte Customer Journey, ganz auf deine Marke abgestimmt.<\/p>\n\n\n\n<p>\u2705 Zum besten Amazon Tool \u25baHelium10 Code <a rel=\"noreferrer noopener\" href=\"https:\/\/www.youtube.com\/redirect?event=video_description&amp;redir_token=QUFFLUhqbDByNmV5a1pLMzFaQnJEMGFKeFJIRmJqdHFyd3xBQ3Jtc0tsTWJSbFdCR3JhZzRhTm5JckRCcHhCQ2ZBaGhCMW9FQmZReTZqcWtUSk1Wc1Nua1Y5b2xlUmxyREdBNko3SG1jaXZQcE96NEVOd1Z5Q0hNM1pJWVJmZGtWT3kzR0JWal9WV0xXM0haTDZpNjROVUxSWQ&amp;q=https%3A%2F%2Fbit.ly%2FHelium10-Rabatt-Code\" target=\"_blank\">https:\/\/bit.ly\/Helium10-Rabatt-Code<\/a> 50% Rabatt mit dem Rabattcode:\u25ba \u25ba \u25ba Butrus50 10% Rabatt mit dem Rabattcode:\u25ba \u25ba \u25ba Butrus10<\/p>\n\n\n\n<p>Du siehst also, Helium10 ist eine wahre Zauberkiste und eigentlich aus keinem erfolgreichen Amazon Business wegzudenken, egal ob du Einsteiger oder Profi bist. Und mit dem Helium10 Rabattcode kannst du die Sache ganz entspannt angehen und von en zahlreichen Benefits profitieren. Ich werde zum Amazon Champion, noch heute, mit Helium10.<\/p>\n\n\n\n<p>As a new WordPress user, you should go to <a href=\"http:\/\/helium10-deutsch.de\/wp-admin\/\">your dashboard<\/a> to delete this page and create new pages for your content. Have fun!<\/p>\n","protected":false},"excerpt":{"rendered":"<p>Wie du mit dem Helium10 Rabattcode so richtig auf Amazon durchstarten kannst Amazon ist ein Dschungel. Und ich bin dein Guide. So musst du dich nicht einsam durch das Dickicht an M\u00f6glichkeiten und Gefahren k\u00e4mpfen, sondern kannst mit meiner Hilfe so richtig durchstarten und ein erfolgreicher Seller auf Amazon werden. Heute m\u00f6chte ich dir ein &#8230; <a title=\"Helium10 Deutsch\" class=\"read-more\" href=\"https:\/\/helium10-deutsch.de\/helium10\/\" aria-label=\"Mehr dazu unter Helium10 Deutsch\">Weiterlesen<\/a><\/p>\n","protected":false},"author":1,"featured_media":10,"parent":0,"menu_order":0,"comment_status":"closed","ping_status":"open","template":"","meta":{"footnotes":""},"class_list":["post-2","page","type-page","status-publish","has-post-thumbnail"],"_links":{"self":[{"href":"https:\/\/helium10-deutsch.de\/helium10\/wp-json\/wp\/v2\/pages\/2","targetHints":{"allow":["GET"]}}],"collection":[{"href":"https:\/\/helium10-deutsch.de\/helium10\/wp-json\/wp\/v2\/pages"}],"about":[{"href":"https:\/\/helium10-deutsch.de\/helium10\/wp-json\/wp\/v2\/types\/page"}],"author":[{"embeddable":true,"href":"https:\/\/helium10-deutsch.de\/helium10\/wp-json\/wp\/v2\/users\/1"}],"replies":[{"embeddable":true,"href":"https:\/\/helium10-deutsch.de\/helium10\/wp-json\/wp\/v2\/comments?post=2"}],"version-history":[{"count":2,"href":"https:\/\/helium10-deutsch.de\/helium10\/wp-json\/wp\/v2\/pages\/2\/revisions"}],"predecessor-version":[{"id":24,"href":"https:\/\/helium10-deutsch.de\/helium10\/wp-json\/wp\/v2\/pages\/2\/revisions\/24"}],"wp:featuredmedia":[{"embeddable":true,"href":"https:\/\/helium10-deutsch.de\/helium10\/wp-json\/wp\/v2\/media\/10"}],"wp:attachment":[{"href":"https:\/\/helium10-deutsch.de\/helium10\/wp-json\/wp\/v2\/media?parent=2"}],"curies":[{"name":"wp","href":"https:\/\/api.w.org\/{rel}","templated":true}]}}